{"id":27,"date":"2022-04-29T20:08:44","date_gmt":"2022-04-29T20:08:44","guid":{"rendered":"https:\/\/arastakonakotel.com\/?page_id=27"},"modified":"2025-10-26T18:32:51","modified_gmt":"2025-10-26T18:32:51","slug":"anasayfa","status":"publish","type":"page","link":"https:\/\/arastakonakotel.com\/en\/","title":{"rendered":"Anasayfa"},"content":{"rendered":"\t\t<div data-elementor-type=\"wp-page\" data-elementor-id=\"27\" class=\"elementor elementor-27\">\n\t\t\t\t\t\t<section class=\"elementor-section elementor-top-section elementor-element elementor-element-5ce639a elementor-section-height-min-height xts-section-stretch elementor-section-boxed elementor-section-height-default elementor-section-items-middle\" data-id=\"5ce639a\" data-element_type=\"section\" data-e-type=\"section\" data-settings=\"{&quot;background_background&quot;:&quot;slideshow&quot;,&quot;background_slideshow_gallery&quot;:[{&quot;id&quot;:133,&quot;url&quot;:&quot;https:\\\/\\\/arastakonakotel.com\\\/wp-content\\\/uploads\\\/2022\\\/05\\\/29.jpeg&quot;},{&quot;id&quot;:161,&quot;url&quot;:&quot;https:\\\/\\\/arastakonakotel.com\\\/wp-content\\\/uploads\\\/2022\\\/05\\\/17.jpeg&quot;}],&quot;background_slideshow_loop&quot;:&quot;yes&quot;,&quot;background_slideshow_slide_duration&quot;:5000,&quot;background_slideshow_slide_transition&quot;:&quot;fade&quot;,&quot;background_slideshow_transition_duration&quot;:500}\">\n\t\t\t\t\t\t\t<div class=\"elementor-background-overlay\"><\/div>\n\t\t\t\t\t\t\t<div class=\"elementor-container elementor-column-gap-default\">\n\t\t\t\t\t<div class=\"elementor-column elementor-col-50 elementor-top-column elementor-element elementor-element-85d8c79\" data-id=\"85d8c79\" data-element_type=\"column\" data-e-type=\"column\">\n\t\t\t<div class=\"elementor-widget-wrap elementor-element-populated\">\n\t\t\t\t\t\t<div class=\"elementor-element elementor-element-089c9a5 elementor-widget__width-initial elementor-widget elementor-widget-xts_title\" data-id=\"089c9a5\" data-element_type=\"widget\" data-e-type=\"widget\" data-widget_type=\"xts_title.default\">\n\t\t\t\t<div class=\"elementor-widget-container\">\n\t\t\t\t\t\t\t\t<div class=\"xts-section-heading xts-reset-mb-10 xts-reset-last xts-textalign-center xts-in-view-animation xts-autoplay-animations-off\" data-animation-delay=\"100\">\r\n\t\t\t\t\t\t\t\t\t<div class=\"xts-section-subtitle xts-textcolor-primary xts-fontsize-m xts-animation-item xts-animation-fade-in xts-animation-fast\">\r\n\t\t\t\t\t\t<span class=\"xts-section-subtitle-text\" data-elementor-setting-key=\"subtitle\">\r\n\t\t\t\t\t\t\tArasta Konak Otel\t\t\t\t\t\t<\/span>\r\n\r\n\t\t\t\t\t\t\t\t\t\t\t<\/div>\r\n\t\t\t\t\r\n\t\t\t\t\t\t\t\t\t<h4 class=\"xts-section-title title xts-design-simple xts-fontsize-xxl xts-animation-item xts-animation-fade-in xts-animation-fast\">\r\n\t\t\t\t\t\t<span class=\"xts-section-title-text\" data-elementor-setting-key=\"title\">\r\n\t\t\t\t\t\t\tArasta; tarihin tam ortas\u0131nda!\t\t\t\t\t\t<\/span>\r\n\r\n\t\t\t\t\t\t\t\t\t\t\t\t\t<div class=\"xts-section-title-divider\"><\/div>\r\n\t\t\t\t\t\t\t\t\t\t\t<\/h4>\r\n\t\t\t\t\r\n\t\t\t\t\r\n\t\t\t\t\t\t\t\t\t<div class=\"xts-section-desc xts-animation-item xts-animation-fade-in xts-animation-fast\">\r\n\t\t\t\t\t\t<div class=\"xts-section-desc-text xts-reset-all-last\" data-elementor-setting-key=\"description\">\r\n\t\t\t\t\t\t\t<p>Eski\u015fehir'de benzersiz bir konaklama deneyimi ya\u015fayacaks\u0131n\u0131z.<\/p>\t\t\t\t\t\t<\/div>\r\n\t\t\t\t\t<\/div>\r\n\t\t\t\t\t\t\t<\/div>\r\n\t\t\t\t\t\t<\/div>\n\t\t\t\t<\/div>\n\t\t\t\t<div class=\"elementor-element elementor-element-8c8278c elementor-widget__width-initial elementor-absolute elementor-widget elementor-widget-xts_button\" data-id=\"8c8278c\" data-element_type=\"widget\" data-e-type=\"widget\" data-settings=\"{&quot;_position&quot;:&quot;absolute&quot;}\" data-widget_type=\"xts_button.default\">\n\t\t\t\t<div class=\"elementor-widget-container\">\n\t\t\t\t\t\t\t\t<div class=\"xts-button-wrapper xts-textalign-center\" >\r\n\t\t\t\t\t\t\t\t\t<a class=\"xts-button xts-size-xl xts-style-default xts-color-custom xts-shape-round xts-width-full\" href=\"https:\/\/arastakonakotel.rezervasyonal.com\" target=\"_blank\" rel=\"noopener\">\r\n\t\t\t\t\t\t<span class=\"xts-button-text\" data-elementor-setting-key=\"button_text\">\r\n\t\t\t\t\t\t\t\u015eimdi Rezervasyon Yap.\t\t\t\t\t\t<\/span>\r\n\r\n\t\t\t\t\t\t\t\t\t\t\t<\/a>\r\n\t\t\t\t\t\t\t<\/div>\r\n\t\t\t\t\t\t<\/div>\n\t\t\t\t<\/div>\n\t\t\t\t\t<\/div>\n\t\t<\/div>\n\t\t\t\t<div class=\"elementor-column elementor-col-50 elementor-top-column elementor-element elementor-element-99593db\" data-id=\"99593db\" data-element_type=\"column\" data-e-type=\"column\">\n\t\t\t<div class=\"elementor-widget-wrap elementor-element-populated\">\n\t\t\t\t\t\t<div class=\"elementor-element elementor-element-59702cf elementor-widget elementor-widget-xts_title\" data-id=\"59702cf\" data-element_type=\"widget\" data-e-type=\"widget\" data-widget_type=\"xts_title.default\">\n\t\t\t\t<div class=\"elementor-widget-container\">\n\t\t\t\t\t\t\t\t<div class=\"xts-section-heading xts-reset-mb-10 xts-reset-last xts-textalign-center\" data-animation-delay=\"\">\r\n\t\t\t\t\r\n\t\t\t\t\t\t\t\t\t<h4 class=\"xts-section-title title xts-design-default xts-textcolor-custom xts-fontsize-l\">\r\n\t\t\t\t\t\t<span class=\"xts-section-title-text\" data-elementor-setting-key=\"title\">\r\n\t\t\t\t\t\t\tArasta Konak Otel\t\t\t\t\t\t<\/span>\r\n\r\n\t\t\t\t\t\t\t\t\t\t\t<\/h4>\r\n\t\t\t\t\r\n\t\t\t\t\r\n\t\t\t\t\t\t\t\t\t<div class=\"xts-section-desc xts-textcolor-custom\">\r\n\t\t\t\t\t\t<div class=\"xts-section-desc-text xts-reset-all-last\" data-elementor-setting-key=\"description\">\r\n\t\t\t\t\t\t\t<p style=\"font-weight: 400;\">Eski\u015fehir\u2019in incisi Odunpazar\u0131 evlerinin tam merkezinde konumlanm\u0131\u015f 1800\u2019 l\u00fc y\u0131llarda in\u015faa edilen konak otelimiz, 14 adet \u00f6zel tasarlanm\u0131\u015f odas\u0131 ile misafirlerine 2022 y\u0131l\u0131nda yenilenerek kap\u0131lar\u0131n\u0131 a\u00e7t\u0131.<\/p><p style=\"font-weight: 400;\">G\u00fcler y\u00fczl\u00fc ve profesyonel ekibimiz siz de\u011ferli misafirlerimize e\u015fsiz bir konaklama sa\u011flamak ve an\u0131lar\u0131n\u0131za an\u0131 katmak amac\u0131 ile hizmet vermektedir.<\/p>\t\t\t\t\t\t<\/div>\r\n\t\t\t\t\t<\/div>\r\n\t\t\t\t\t\t\t<\/div>\r\n\t\t\t\t\t\t<\/div>\n\t\t\t\t<\/div>\n\t\t\t\t<div class=\"elementor-element elementor-element-82326d1 elementor-widget elementor-widget-xts_button\" data-id=\"82326d1\" data-element_type=\"widget\" data-e-type=\"widget\" data-widget_type=\"xts_button.default\">\n\t\t\t\t<div class=\"elementor-widget-container\">\n\t\t\t\t\t\t\t\t<div class=\"xts-button-wrapper xts-textalign-center\" >\r\n\t\t\t\t\t\t\t\t\t<a class=\"xts-button xts-size-m xts-style-link xts-color-custom\"  href=\"#\">\r\n\t\t\t\t\t\t<span class=\"xts-button-text\" data-elementor-setting-key=\"button_text\">\r\n\t\t\t\t\t\t\tDaha Fazla Oku\t\t\t\t\t\t<\/span>\r\n\r\n\t\t\t\t\t\t\t\t\t\t\t<\/a>\r\n\t\t\t\t\t\t\t<\/div>\r\n\t\t\t\t\t\t<\/div>\n\t\t\t\t<\/div>\n\t\t\t\t\t<\/div>\n\t\t<\/div>\n\t\t\t\t\t<\/div>\n\t\t<\/section>\n\t\t\t\t<section class=\"elementor-section elementor-top-section elementor-element elementor-element-c5ea751 elementor-section-boxed elementor-section-height-default elementor-section-height-default xts-section-disabled\" data-id=\"c5ea751\" data-element_type=\"section\" data-e-type=\"section\">\n\t\t\t\t\t\t<div class=\"elementor-container elementor-column-gap-default\">\n\t\t\t\t\t<div class=\"elementor-column elementor-col-100 elementor-top-column elementor-element elementor-element-9abac34\" data-id=\"9abac34\" data-element_type=\"column\" data-e-type=\"column\">\n\t\t\t<div class=\"elementor-widget-wrap elementor-element-populated\">\n\t\t\t\t\t\t<div class=\"elementor-element elementor-element-4d12dff elementor-widget elementor-widget-xts_banner_carousel\" data-id=\"4d12dff\" data-element_type=\"widget\" data-e-type=\"widget\" data-widget_type=\"xts_banner_carousel.default\">\n\t\t\t\t<div class=\"elementor-widget-container\">\n\t\t\t\t\t\r\n\t\t<div class=\"xts-iimage-carousel xts-row xts-row-lg-2 xts-row-1 xts-row-spacing-20 xts-carousel xts-lib-swiper xts-dots- xts-arrows-hpos-outside xts-arrows-vpos-sides xts-arrows-design-default xts-init-on-scroll xts-autoplay-animations-off\"  data-xts-carousel  data-carousel-args='{\"autoplay\":\"no\",\"autoplay_speed\":null,\"infinite_loop\":\"no\",\"center_mode\":\"no\",\"draggable\":\"yes\",\"auto_height\":\"no\",\"init_on_scroll\":\"yes\",\"dots\":\"no\",\"dots_color_scheme\":null,\"arrows\":\"yes\",\"arrows_horizontal_position\":\"outside\",\"arrows_color_scheme\":\"dark\",\"arrows_vertical_position\":\"sides\",\"arrows_design\":\"default\",\"parent\":\"\",\"center_mode_opacity\":\"no\",\"library\":\"swiper\",\"source\":\"\",\"carousel_items\":{\"unit\":\"px\",\"size\":2,\"sizes\":[]},\"carousel_items_tablet\":{\"size\":1},\"carousel_items_mobile\":{\"size\":1},\"carousel_spacing\":20,\"controls_id\":\"69e293f4ad7d2\",\"sync\":\"disabled\",\"sync_parent_id\":null,\"sync_child_id\":null}' data-animation-delay=\"\">\r\n\t\t\t\t\t\t\t\r\n\t\t\t\t<div class=\"xts-col elementor-repeater-item-24b3da7\">\r\n\t\t\t\t\t\t\t<div class=\"xts-iimage xts-with-background xts-style-mask xts-hover-zoom-in xts-scheme-light xts-cursor-pointer\" onclick=\"window.location.href=&quot;https:\/\/arastakonakotel.com\/odalarimiz\/&quot;\">\r\n\r\n\t\t\t<div class=\"xts-iimage-img-wrapper\">\r\n\t\t\t\t<div class=\"xts-iimage-img xts-bg-position-center-center\">\r\n\t\t\t\t\t<img fetchpriority=\"high\" decoding=\"async\" width=\"1000\" height=\"664\" src=\"https:\/\/arastakonakotel.com\/wp-content\/uploads\/2022\/05\/arasta-konak-boutique-hotel-odunpazari-eskisehir_3.jpeg\" class=\"attachment-large size-large wp-image-127\" alt=\"\" srcset=\"https:\/\/arastakonakotel.com\/wp-content\/uploads\/2022\/05\/arasta-konak-boutique-hotel-odunpazari-eskisehir_3.jpeg 1000w, https:\/\/arastakonakotel.com\/wp-content\/uploads\/2022\/05\/arasta-konak-boutique-hotel-odunpazari-eskisehir_3-300x199.jpeg 300w, https:\/\/arastakonakotel.com\/wp-content\/uploads\/2022\/05\/arasta-konak-boutique-hotel-odunpazari-eskisehir_3-768x510.jpeg 768w\" sizes=\"(max-width: 1000px) 100vw, 1000px\" \/>\t\t\t\t<\/div>\r\n\r\n\t\t\t\t<div class=\"xts-iimage-overlay xts-fill\"><\/div>\r\n\t\t\t<\/div>\r\n\r\n\t\t\t<div class=\"xts-iimage-content-wrapper xts-fill xts-justify-center xts-items-center xts-textalign-center\">\r\n\t\t\t\t<div class=\"xts-iimage-content xts-reset-all-last\">\r\n\t\t\t\t\t\r\n\t\t\t\t\t\t\t\t\t\t\t<h3 class=\"xts-iimage-title title xts-fontsize-l\" data-elementor-setting-key=\"content_repeater.0.title\">\r\n\t\t\t\t\t\t\tOdalar\u0131m\u0131z\t\t\t\t\t\t<\/h3>\r\n\t\t\t\t\t\r\n\t\t\t\t\t\t\t\t\t\t\t<div class=\"xts-iimage-desc xts-reset-mb-10 xts-fontsize-s\" data-elementor-setting-key=\"content_repeater.0.description\">\r\n\t\t\t\t\t\t\t<p>Eski\u015fehir'in tarihini benzersiz dokusunu yans\u0131tan odalar\u0131 ke\u015ffedin.<\/p>\t\t\t\t\t\t<\/div>\r\n\t\t\t\t\t\r\n\t\t\t\t\t\t\t\t\t<\/div>\r\n\t\t\t<\/div>\r\n\t\t<\/div>\r\n\r\n\t\t\t\t\t\t<\/div>\r\n\t\t\t\t\t\t\t\r\n\t\t\t\t<div class=\"xts-col elementor-repeater-item-2bb27d4\">\r\n\t\t\t\t\t\t\t<div class=\"xts-iimage xts-with-background xts-style-mask xts-hover-zoom-in xts-scheme-light xts-cursor-pointer\" onclick=\"window.location.href=&quot;https:\/\/arastakonakotel.com\/hakkimizda\/&quot;\">\r\n\r\n\t\t\t<div class=\"xts-iimage-img-wrapper\">\r\n\t\t\t\t<div class=\"xts-iimage-img xts-bg-position-center-center\">\r\n\t\t\t\t\t<img decoding=\"async\" width=\"1024\" height=\"680\" src=\"https:\/\/arastakonakotel.com\/wp-content\/uploads\/2022\/05\/29-1024x680.jpeg\" class=\"attachment-large size-large wp-image-133\" alt=\"\" srcset=\"https:\/\/arastakonakotel.com\/wp-content\/uploads\/2022\/05\/29-1024x680.jpeg 1024w, https:\/\/arastakonakotel.com\/wp-content\/uploads\/2022\/05\/29-300x199.jpeg 300w, https:\/\/arastakonakotel.com\/wp-content\/uploads\/2022\/05\/29-768x510.jpeg 768w, https:\/\/arastakonakotel.com\/wp-content\/uploads\/2022\/05\/29-1536x1021.jpeg 1536w, https:\/\/arastakonakotel.com\/wp-content\/uploads\/2022\/05\/29.jpeg 1541w\" sizes=\"(max-width: 1024px) 100vw, 1024px\" \/>\t\t\t\t<\/div>\r\n\r\n\t\t\t\t<div class=\"xts-iimage-overlay xts-fill\"><\/div>\r\n\t\t\t<\/div>\r\n\r\n\t\t\t<div class=\"xts-iimage-content-wrapper xts-fill xts-justify-center xts-items-center xts-textalign-center\">\r\n\t\t\t\t<div class=\"xts-iimage-content xts-reset-all-last\">\r\n\t\t\t\t\t\r\n\t\t\t\t\t\t\t\t\t\t\t<h3 class=\"xts-iimage-title title xts-fontsize-l\" data-elementor-setting-key=\"content_repeater.1.title\">\r\n\t\t\t\t\t\t\tHakk\u0131m\u0131zda\t\t\t\t\t\t<\/h3>\r\n\t\t\t\t\t\r\n\t\t\t\t\t\t\t\t\t\t\t<div class=\"xts-iimage-desc xts-reset-mb-10 xts-fontsize-s\" data-elementor-setting-key=\"content_repeater.1.description\">\r\n\t\t\t\t\t\t\t<p>Eski\u015fehir'in tarihini ve k\u00fclt\u00fcrel doksunu ke\u015ffedin.<\/p>\t\t\t\t\t\t<\/div>\r\n\t\t\t\t\t\r\n\t\t\t\t\t\t\t\t\t<\/div>\r\n\t\t\t<\/div>\r\n\t\t<\/div>\r\n\r\n\t\t\t\t\t\t<\/div>\r\n\t\t\t\t\t<\/div>\r\n\r\n\t\t\t\t\t\t<\/div>\n\t\t\t\t<\/div>\n\t\t\t\t\t<\/div>\n\t\t<\/div>\n\t\t\t\t\t<\/div>\n\t\t<\/section>\n\t\t\t\t<section class=\"elementor-section elementor-top-section elementor-element elementor-element-7457a82 elementor-section-boxed elementor-section-height-default elementor-section-height-default xts-section-disabled\" data-id=\"7457a82\" data-element_type=\"section\" data-e-type=\"section\">\n\t\t\t\t\t\t<div class=\"elementor-container elementor-column-gap-default\">\n\t\t\t\t\t<div class=\"elementor-column elementor-col-100 elementor-top-column elementor-element elementor-element-d0b4812\" data-id=\"d0b4812\" data-element_type=\"column\" data-e-type=\"column\">\n\t\t\t<div class=\"elementor-widget-wrap\">\n\t\t\t\t\t\t\t<\/div>\n\t\t<\/div>\n\t\t\t\t\t<\/div>\n\t\t<\/section>\n\t\t\t\t<\/div>\n\t\t","protected":false},"excerpt":{"rendered":"<p>Arasta Konak Otel Arasta; tarihin tam ortas\u0131nda! Eski\u015fehir&#8217;de benzersiz bir konaklama deneyimi ya\u015fayacaks\u0131n\u0131z. \u015eimdi Rezervasyon Yap. Arasta Konak Otel Eski\u015fehir\u2019in incisi Odunpazar\u0131 evlerinin tam merkezinde konumlanm\u0131\u015f 1800\u2019 l\u00fc y\u0131llarda in\u015faa edilen konak otelimiz, 14 adet \u00f6zel tasarlanm\u0131\u015f odas\u0131 ile misafirlerine 2022 y\u0131l\u0131nda yenilenerek kap\u0131lar\u0131n\u0131 a\u00e7t\u0131. G\u00fcler y\u00fczl\u00fc ve profesyonel ekibimiz siz de\u011ferli misafirlerimize e\u015fsiz bir [&hellip;]<\/p>\n","protected":false},"author":1,"featured_media":0,"parent":0,"menu_order":0,"comment_status":"closed","ping_status":"closed","template":"","meta":{"inline_featured_image":false,"footnotes":""},"class_list":["post-27","page","type-page","status-publish","hentry"],"_links":{"self":[{"href":"https:\/\/arastakonakotel.com\/en\/wp-json\/wp\/v2\/pages\/27","targetHints":{"allow":["GET"]}}],"collection":[{"href":"https:\/\/arastakonakotel.com\/en\/wp-json\/wp\/v2\/pages"}],"about":[{"href":"https:\/\/arastakonakotel.com\/en\/wp-json\/wp\/v2\/types\/page"}],"author":[{"embeddable":true,"href":"https:\/\/arastakonakotel.com\/en\/wp-json\/wp\/v2\/users\/1"}],"replies":[{"embeddable":true,"href":"https:\/\/arastakonakotel.com\/en\/wp-json\/wp\/v2\/comments?post=27"}],"version-history":[{"count":179,"href":"https:\/\/arastakonakotel.com\/en\/wp-json\/wp\/v2\/pages\/27\/revisions"}],"predecessor-version":[{"id":521,"href":"https:\/\/arastakonakotel.com\/en\/wp-json\/wp\/v2\/pages\/27\/revisions\/521"}],"wp:attachment":[{"href":"https:\/\/arastakonakotel.com\/en\/wp-json\/wp\/v2\/media?parent=27"}],"curies":[{"name":"wp","href":"https:\/\/api.w.org\/{rel}","templated":true}]}}