{"id":436,"date":"2025-06-29T18:16:48","date_gmt":"2025-06-29T18:16:48","guid":{"rendered":"https:\/\/arastakonakotel.com\/?page_id=436"},"modified":"2025-11-08T16:14:58","modified_gmt":"2025-11-08T16:14:58","slug":"surdurulebilirlik","status":"publish","type":"page","link":"https:\/\/arastakonakotel.com\/en\/surdurulebilirlik\/","title":{"rendered":"S\u00dcRD\u00dcR\u00dcLEB\u0130L\u0130RL\u0130K"},"content":{"rendered":"<ol class=\"wp-block-list\">\n<li>S\u00dcRD\u00dcR\u00dcLEB\u0130L\u0130RL\u0130K RAPORLAMASI: <a href=\"http:\/\/arastakonakotel.com\/en\/surdurulebilirlik\/1-surdurulebilirlik-raporlamasi\/\" data-type=\"link\" data-id=\"arastakonakotel.com\/surdurulebilirlik\/1-surdurulebilirlik-raporlamasi\/\">arastakonakotel.com\/surdurulebilirlik\/1-surdurulebilirlik-raporlamasi\/<\/a><\/li>\n\n\n\n<li>S\u00dcRD\u00dcR\u00dcLEB\u0130L\u0130RL\u0130K POL\u0130T\u0130KASI: <a href=\"http:\/\/arastakonakotel.com\/en\/surdurulebilirlik\/2-surdurulebilirlik-politikasi\/\">arastakonakotel.com\/surdurulebilirlik\/2-surdurulebilirlik-politikasi\/<\/a><\/li>\n\n\n\n<li>ER\u0130\u015e\u0130LEB\u0130L\u0130RL\u0130K DURUMU: <a href=\"http:\/\/arastakonakotel.com\/en\/3-erisilebilirlik-durumu\/\">arastakonakotel.com\/3-erisilebilirlik-durumu\/<\/a><\/li>\n<\/ol>\n\n\n\n<p><\/p>","protected":false},"excerpt":{"rendered":"","protected":false},"author":2,"featured_media":0,"parent":0,"menu_order":0,"comment_status":"closed","ping_status":"closed","template":"","meta":{"inline_featured_image":false,"footnotes":""},"class_list":["post-436","page","type-page","status-publish","hentry"],"_links":{"self":[{"href":"https:\/\/arastakonakotel.com\/en\/wp-json\/wp\/v2\/pages\/436","targetHints":{"allow":["GET"]}}],"collection":[{"href":"https:\/\/arastakonakotel.com\/en\/wp-json\/wp\/v2\/pages"}],"about":[{"href":"https:\/\/arastakonakotel.com\/en\/wp-json\/wp\/v2\/types\/page"}],"author":[{"embeddable":true,"href":"https:\/\/arastakonakotel.com\/en\/wp-json\/wp\/v2\/users\/2"}],"replies":[{"embeddable":true,"href":"https:\/\/arastakonakotel.com\/en\/wp-json\/wp\/v2\/comments?post=436"}],"version-history":[{"count":6,"href":"https:\/\/arastakonakotel.com\/en\/wp-json\/wp\/v2\/pages\/436\/revisions"}],"predecessor-version":[{"id":536,"href":"https:\/\/arastakonakotel.com\/en\/wp-json\/wp\/v2\/pages\/436\/revisions\/536"}],"wp:attachment":[{"href":"https:\/\/arastakonakotel.com\/en\/wp-json\/wp\/v2\/media?parent=436"}],"curies":[{"name":"wp","href":"https:\/\/api.w.org\/{rel}","templated":true}]}}