{"id":445,"date":"2025-06-29T18:34:12","date_gmt":"2025-06-29T18:34:12","guid":{"rendered":"https:\/\/arastakonakotel.com\/?page_id=445"},"modified":"2025-11-08T16:10:08","modified_gmt":"2025-11-08T16:10:08","slug":"1-surdurulebilirlik-raporlamasi","status":"publish","type":"page","link":"https:\/\/arastakonakotel.com\/en\/surdurulebilirlik\/1-surdurulebilirlik-raporlamasi\/","title":{"rendered":"1. S\u00dcRD\u00dcR\u00dcLEB\u0130L\u0130RL\u0130K RAPORLAMASI"},"content":{"rendered":"<div data-wp-interactive=\"core\/file\" class=\"wp-block-file\"><object data-wp-bind--hidden=\"!state.hasPdfPreview\" hidden class=\"wp-block-file__embed\" data=\"https:\/\/arastakonakotel.com\/wp-content\/uploads\/2025\/06\/Tablo-4-Surdurulebilirlik-Raporlamasi.pdf\" type=\"application\/pdf\" style=\"width:100%;height:600px\" aria-label=\"Embed of Tablo 4 - Surdurulebilirlik Raporlamasi.\"><\/object><a id=\"wp-block-file--media-793ccbcf-101c-489e-b741-817cdd03b2d5\" href=\"https:\/\/arastakonakotel.com\/wp-content\/uploads\/2025\/06\/Tablo-4-Surdurulebilirlik-Raporlamasi.pdf\">Tablo 4 &#8211; Surdurulebilirlik Raporlamasi<\/a><\/div>\n\n\n\n<p><\/p>","protected":false},"excerpt":{"rendered":"","protected":false},"author":2,"featured_media":0,"parent":436,"menu_order":0,"comment_status":"closed","ping_status":"closed","template":"","meta":{"inline_featured_image":false,"footnotes":""},"class_list":["post-445","page","type-page","status-publish","hentry"],"_links":{"self":[{"href":"https:\/\/arastakonakotel.com\/en\/wp-json\/wp\/v2\/pages\/445","targetHints":{"allow":["GET"]}}],"collection":[{"href":"https:\/\/arastakonakotel.com\/en\/wp-json\/wp\/v2\/pages"}],"about":[{"href":"https:\/\/arastakonakotel.com\/en\/wp-json\/wp\/v2\/types\/page"}],"author":[{"embeddable":true,"href":"https:\/\/arastakonakotel.com\/en\/wp-json\/wp\/v2\/users\/2"}],"replies":[{"embeddable":true,"href":"https:\/\/arastakonakotel.com\/en\/wp-json\/wp\/v2\/comments?post=445"}],"version-history":[{"count":3,"href":"https:\/\/arastakonakotel.com\/en\/wp-json\/wp\/v2\/pages\/445\/revisions"}],"predecessor-version":[{"id":530,"href":"https:\/\/arastakonakotel.com\/en\/wp-json\/wp\/v2\/pages\/445\/revisions\/530"}],"up":[{"embeddable":true,"href":"https:\/\/arastakonakotel.com\/en\/wp-json\/wp\/v2\/pages\/436"}],"wp:attachment":[{"href":"https:\/\/arastakonakotel.com\/en\/wp-json\/wp\/v2\/media?parent=445"}],"curies":[{"name":"wp","href":"https:\/\/api.w.org\/{rel}","templated":true}]}}