{"id":472,"date":"2025-06-29T19:16:34","date_gmt":"2025-06-29T19:16:34","guid":{"rendered":"https:\/\/arastakonakotel.com\/?page_id=472"},"modified":"2025-12-16T20:32:23","modified_gmt":"2025-12-16T20:32:23","slug":"2-surdurulebilirlik-politikasi","status":"publish","type":"page","link":"https:\/\/arastakonakotel.com\/en\/surdurulebilirlik\/2-surdurulebilirlik-politikasi\/","title":{"rendered":"2. S\u00dcRD\u00dcR\u00dcLEB\u0130L\u0130RL\u0130K POL\u0130T\u0130KASI"},"content":{"rendered":"<div data-wp-interactive=\"core\/file\" class=\"wp-block-file\"><object data-wp-bind--hidden=\"!state.hasPdfPreview\" hidden class=\"wp-block-file__embed\" data=\"https:\/\/arastakonakotel.com\/wp-content\/uploads\/2025\/06\/ACIL-DURUM-CAGRI.pdf\" type=\"application\/pdf\" style=\"width:100%;height:600px\" aria-label=\"Embed of AC\u0130L DURUM \u00c7A\u011eRI.\"><\/object><a id=\"wp-block-file--media-0a069662-74bf-41f4-a42c-ba51bffce5d8\" href=\"https:\/\/arastakonakotel.com\/wp-content\/uploads\/2025\/06\/ACIL-DURUM-CAGRI.pdf\">AC\u0130L DURUM \u00c7A\u011eRI<\/a><\/div>\n\n\n\n<div data-wp-interactive=\"core\/file\" class=\"wp-block-file\"><object data-wp-bind--hidden=\"!state.hasPdfPreview\" hidden class=\"wp-block-file__embed\" data=\"https:\/\/arastakonakotel.com\/wp-content\/uploads\/2025\/06\/ESKISEHIR-AVLAKLAR-HARITASI.pdf\" type=\"application\/pdf\" style=\"width:100%;height:600px\" aria-label=\"Embed of ESK\u0130\u015eEH\u0130R AVLAKLAR HAR\u0130TASI.\"><\/object><a id=\"wp-block-file--media-c6192314-2a06-4370-bb53-50ecccbd86ad\" href=\"https:\/\/arastakonakotel.com\/wp-content\/uploads\/2025\/06\/ESKISEHIR-AVLAKLAR-HARITASI.pdf\">ESK\u0130\u015eEH\u0130R AVLAKLAR HAR\u0130TASI<\/a><\/div>\n\n\n\n<div data-wp-interactive=\"core\/file\" class=\"wp-block-file\"><object data-wp-bind--hidden=\"!state.hasPdfPreview\" hidden class=\"wp-block-file__embed\" data=\"https:\/\/arastakonakotel.com\/wp-content\/uploads\/2025\/06\/ESTRAM-TRAMVAY-HAT-SEMASI.pdf\" type=\"application\/pdf\" style=\"width:100%;height:600px\" aria-label=\"Embed of ESTRAM TRAMVAY HAT \u015eEMASI.\"><\/object><a id=\"wp-block-file--media-d67a8463-84e3-4d90-bd49-d7a5119a706e\" href=\"https:\/\/arastakonakotel.com\/wp-content\/uploads\/2025\/06\/ESTRAM-TRAMVAY-HAT-SEMASI.pdf\">ESTRAM TRAMVAY HAT \u015eEMASI<\/a><\/div>\n\n\n\n<div data-wp-interactive=\"core\/file\" class=\"wp-block-file\"><object data-wp-bind--hidden=\"!state.hasPdfPreview\" hidden class=\"wp-block-file__embed\" data=\"https:\/\/arastakonakotel.com\/wp-content\/uploads\/2025\/06\/KARBON-AYAK-IZINI-AZALTMAK-ICIN-NELER-YAPABILIRIZODA-BILGILENDIRMESI.pdf\" type=\"application\/pdf\" style=\"width:100%;height:600px\" aria-label=\"Embed of KARBON AYAK \u0130Z\u0130N\u0130 AZALTMAK \u0130\u00c7\u0130N NELER YAPAB\u0130L\u0130R\u0130Z(ODA B\u0130LG\u0130LEND\u0130RMES\u0130).\"><\/object><a id=\"wp-block-file--media-e904645e-e877-4d07-9da3-c8b3fa144bda\" href=\"https:\/\/arastakonakotel.com\/wp-content\/uploads\/2025\/06\/KARBON-AYAK-IZINI-AZALTMAK-ICIN-NELER-YAPABILIRIZODA-BILGILENDIRMESI.pdf\">KARBON AYAK \u0130Z\u0130N\u0130 AZALTMAK \u0130\u00c7\u0130N NELER YAPAB\u0130L\u0130R\u0130Z(ODA B\u0130LG\u0130LEND\u0130RMES\u0130)<\/a><\/div>\n\n\n\n<div data-wp-interactive=\"core\/file\" class=\"wp-block-file\"><object data-wp-bind--hidden=\"!state.hasPdfPreview\" hidden class=\"wp-block-file__embed\" data=\"https:\/\/arastakonakotel.com\/wp-content\/uploads\/2025\/06\/LS.03-ZIYARETLER-SIRASINDA-UYULMASI-GEREKEN-KURALLAR-LISTESI.pdf\" type=\"application\/pdf\" style=\"width:100%;height:600px\" aria-label=\"Embed of LS.03 Z\u0130YARETLER SIRASINDA UYULMASI GEREKEN KURALLAR L\u0130STES\u0130.\"><\/object><a id=\"wp-block-file--media-daafa386-cc6d-48ee-9ccc-daf4fd698d1d\" href=\"https:\/\/arastakonakotel.com\/wp-content\/uploads\/2025\/06\/LS.03-ZIYARETLER-SIRASINDA-UYULMASI-GEREKEN-KURALLAR-LISTESI.pdf\">LS.03 Z\u0130YARETLER SIRASINDA UYULMASI GEREKEN KURALLAR L\u0130STES\u0130<\/a><\/div>\n\n\n\n<div data-wp-interactive=\"core\/file\" class=\"wp-block-file\"><object data-wp-bind--hidden=\"!state.hasPdfPreview\" hidden class=\"wp-block-file__embed\" data=\"https:\/\/arastakonakotel.com\/wp-content\/uploads\/2025\/06\/PLT.01-CEVRE-KORUMA-VE-ATIK-YONETIMI-POLITIKASI.pdf\" type=\"application\/pdf\" style=\"width:100%;height:600px\" aria-label=\"Embed of PLT.01 CEVRE KORUMA VE ATIK YONETIMI POLITIKASI.\"><\/object><a id=\"wp-block-file--media-bfaf451d-0ec4-45bc-b557-ef9d5e750469\" href=\"https:\/\/arastakonakotel.com\/wp-content\/uploads\/2025\/06\/PLT.01-CEVRE-KORUMA-VE-ATIK-YONETIMI-POLITIKASI.pdf\">PLT.01 CEVRE KORUMA VE ATIK YONETIMI POLITIKASI<\/a><\/div>\n\n\n\n<div data-wp-interactive=\"core\/file\" class=\"wp-block-file\"><object data-wp-bind--hidden=\"!state.hasPdfPreview\" hidden class=\"wp-block-file__embed\" data=\"https:\/\/arastakonakotel.com\/wp-content\/uploads\/2025\/06\/PLT.02-COCUK-HAKLARI-POLITIKASI-1.pdf\" type=\"application\/pdf\" style=\"width:100%;height:600px\" aria-label=\"Embed of PLT.02 COCUK HAKLARI POLITIKASI (1).\"><\/object><a id=\"wp-block-file--media-b1f67c7c-977a-476d-af52-d4e2c030d70e\" href=\"https:\/\/arastakonakotel.com\/wp-content\/uploads\/2025\/06\/PLT.02-COCUK-HAKLARI-POLITIKASI-1.pdf\">PLT.02 COCUK HAKLARI POLITIKASI (1)<\/a><\/div>\n\n\n\n<div data-wp-interactive=\"core\/file\" class=\"wp-block-file\"><object data-wp-bind--hidden=\"!state.hasPdfPreview\" hidden class=\"wp-block-file__embed\" data=\"https:\/\/arastakonakotel.com\/wp-content\/uploads\/2025\/06\/PLT.04-KADIN-HAKLARI-VE-CINSIYET-ESITLIGI-POLITIKASI.pdf\" type=\"application\/pdf\" style=\"width:100%;height:600px\" aria-label=\"Embed of PLT.04 KADIN HAKLARI VE CINSIYET ESITLIGI  POLITIKASI.\"><\/object><a id=\"wp-block-file--media-121689d4-6988-4653-aaff-93ddad83371b\" href=\"https:\/\/arastakonakotel.com\/wp-content\/uploads\/2025\/06\/PLT.04-KADIN-HAKLARI-VE-CINSIYET-ESITLIGI-POLITIKASI.pdf\">PLT.04 KADIN HAKLARI VE CINSIYET ESITLIGI  POLITIKASI<\/a><\/div>\n\n\n\n<div data-wp-interactive=\"core\/file\" class=\"wp-block-file\"><object data-wp-bind--hidden=\"!state.hasPdfPreview\" hidden class=\"wp-block-file__embed\" data=\"https:\/\/arastakonakotel.com\/wp-content\/uploads\/2025\/06\/PLT.05-SURDURULEBILIR-SATIN-ALMA-POLITIKASI.pdf\" type=\"application\/pdf\" style=\"width:100%;height:600px\" aria-label=\"Embed of PLT.05 SURDURULEBILIR SATIN ALMA  POLITIKASI.\"><\/object><a id=\"wp-block-file--media-cc200453-d629-4158-9200-b35ff1950505\" href=\"https:\/\/arastakonakotel.com\/wp-content\/uploads\/2025\/06\/PLT.05-SURDURULEBILIR-SATIN-ALMA-POLITIKASI.pdf\">PLT.05 SURDURULEBILIR SATIN ALMA  POLITIKASI<\/a><\/div>\n\n\n\n<div data-wp-interactive=\"core\/file\" class=\"wp-block-file\"><object data-wp-bind--hidden=\"!state.hasPdfPreview\" hidden class=\"wp-block-file__embed\" data=\"https:\/\/arastakonakotel.com\/wp-content\/uploads\/2025\/06\/PLT.06-SURDURULEBILIRLIK-POLITIKASI-B.pdf\" type=\"application\/pdf\" style=\"width:100%;height:600px\" aria-label=\"Embed of PLT.06 S\u00dcRD\u00dcR\u00dcLEB\u0130L\u0130RL\u0130K POL\u0130T\u0130KASI B.\"><\/object><a id=\"wp-block-file--media-ebea36bd-bf97-40d6-be2b-3e65520ae70c\" href=\"https:\/\/arastakonakotel.com\/wp-content\/uploads\/2025\/06\/PLT.06-SURDURULEBILIRLIK-POLITIKASI-B.pdf\">PLT.06 S\u00dcRD\u00dcR\u00dcLEB\u0130L\u0130RL\u0130K POL\u0130T\u0130KASI B<\/a><\/div>\n\n\n\n<div data-wp-interactive=\"core\/file\" class=\"wp-block-file\"><object data-wp-bind--hidden=\"!state.hasPdfPreview\" hidden class=\"wp-block-file__embed\" data=\"https:\/\/arastakonakotel.com\/wp-content\/uploads\/2025\/06\/PLT.07-YORESEL-GELENEKSEL-KULTUREL-ARKEOLOJIK-MIRAS-VE-YABAN-HAYATI-KORUMA-POLITIKASI.pdf\" type=\"application\/pdf\" style=\"width:100%;height:600px\" aria-label=\"Embed of PLT.07 Y\u00d6RESEL GELENEKSEL K\u00dcLT\u00dcREL ARKEOLOJ\u0130K M\u0130RAS VE YABAN HAYATI KORUMA POL\u0130T\u0130KASI.\"><\/object><a id=\"wp-block-file--media-5df905bf-5ced-4bb5-aa45-fca093c4c543\" href=\"https:\/\/arastakonakotel.com\/wp-content\/uploads\/2025\/06\/PLT.07-YORESEL-GELENEKSEL-KULTUREL-ARKEOLOJIK-MIRAS-VE-YABAN-HAYATI-KORUMA-POLITIKASI.pdf\">PLT.07 Y\u00d6RESEL GELENEKSEL K\u00dcLT\u00dcREL ARKEOLOJ\u0130K M\u0130RAS VE YABAN HAYATI KORUMA POL\u0130T\u0130KASI<\/a><\/div>\n\n\n\n<div data-wp-interactive=\"core\/file\" class=\"wp-block-file\"><object data-wp-bind--hidden=\"!state.hasPdfPreview\" hidden class=\"wp-block-file__embed\" data=\"https:\/\/arastakonakotel.com\/wp-content\/uploads\/2025\/06\/PLT.08-YEREL-TOPLUM-ILISKILERI-VE-SOSYAL-SORUMLULUK-POLITIKASI.pdf\" type=\"application\/pdf\" style=\"width:100%;height:600px\" aria-label=\"Embed of PLT.08 YEREL TOPLUM \u0130L\u0130\u015eK\u0130LER\u0130 VE SOSYAL SORUMLULUK POL\u0130T\u0130KASI.\"><\/object><a id=\"wp-block-file--media-8eaad1e7-34f4-40f8-b921-5fafa267fb12\" href=\"https:\/\/arastakonakotel.com\/wp-content\/uploads\/2025\/06\/PLT.08-YEREL-TOPLUM-ILISKILERI-VE-SOSYAL-SORUMLULUK-POLITIKASI.pdf\">PLT.08 YEREL TOPLUM \u0130L\u0130\u015eK\u0130LER\u0130 VE SOSYAL SORUMLULUK POL\u0130T\u0130KASI<\/a><\/div>\n\n\n\n<div data-wp-interactive=\"core\/file\" class=\"wp-block-file\"><object data-wp-bind--hidden=\"!state.hasPdfPreview\" hidden class=\"wp-block-file__embed\" data=\"https:\/\/arastakonakotel.com\/wp-content\/uploads\/2025\/06\/PLT.09-KULTUREL-ETKILESIM-POLITIKASI.pdf\" type=\"application\/pdf\" style=\"width:100%;height:600px\" aria-label=\"Embed of PLT.09 K\u00dcLT\u00dcREL ETK\u0130LE\u015e\u0130M POL\u0130T\u0130KASI.\"><\/object><a id=\"wp-block-file--media-bef8d601-d21a-4267-9612-2da2e0199f20\" href=\"https:\/\/arastakonakotel.com\/wp-content\/uploads\/2025\/06\/PLT.09-KULTUREL-ETKILESIM-POLITIKASI.pdf\">PLT.09 K\u00dcLT\u00dcREL ETK\u0130LE\u015e\u0130M POL\u0130T\u0130KASI<\/a><\/div>\n\n\n\n<div data-wp-interactive=\"core\/file\" class=\"wp-block-file\"><object data-wp-bind--hidden=\"!state.hasPdfPreview\" hidden class=\"wp-block-file__embed\" data=\"https:\/\/arastakonakotel.com\/wp-content\/uploads\/2025\/06\/PLT.10-KULTUREL-MIRASIN-SUNULMASI-VE-KORUNMASI-POLITIKASI.pdf\" type=\"application\/pdf\" style=\"width:100%;height:600px\" aria-label=\"Embed of PLT.10 K\u00dcLT\u00dcREL M\u0130RASIN SUNULMASI VE KORUNMASI POL\u0130T\u0130KASI.\"><\/object><a id=\"wp-block-file--media-a9f31da2-07aa-4ef5-a8eb-eff5573eb536\" href=\"https:\/\/arastakonakotel.com\/wp-content\/uploads\/2025\/06\/PLT.10-KULTUREL-MIRASIN-SUNULMASI-VE-KORUNMASI-POLITIKASI.pdf\">PLT.10 K\u00dcLT\u00dcREL M\u0130RASIN SUNULMASI VE KORUNMASI POL\u0130T\u0130KASI<\/a><\/div>\n\n\n\n<div data-wp-interactive=\"core\/file\" class=\"wp-block-file\"><object data-wp-bind--hidden=\"!state.hasPdfPreview\" hidden class=\"wp-block-file__embed\" data=\"https:\/\/arastakonakotel.com\/wp-content\/uploads\/2025\/06\/YIYECEKLERIMIZ-COPE-ATILMAYACAK-KADAR-DEGELIDIR-Kopya.pdf\" type=\"application\/pdf\" style=\"width:100%;height:600px\" aria-label=\"Embed of Y\u0130YECEKLER\u0130M\u0130Z \u00c7\u00d6PE ATILMAYACAK KADAR DE\u011eEL\u0130D\u0130R - Kopya.\"><\/object><a id=\"wp-block-file--media-9d0b13ed-9ade-410e-81d0-7b97d6888bce\" href=\"https:\/\/arastakonakotel.com\/wp-content\/uploads\/2025\/06\/YIYECEKLERIMIZ-COPE-ATILMAYACAK-KADAR-DEGELIDIR-Kopya.pdf\">Y\u0130YECEKLER\u0130M\u0130Z \u00c7\u00d6PE ATILMAYACAK KADAR DE\u011eEL\u0130D\u0130R &#8211; Kopya<\/a><\/div>","protected":false},"excerpt":{"rendered":"","protected":false},"author":2,"featured_media":0,"parent":436,"menu_order":0,"comment_status":"closed","ping_status":"closed","template":"elementor_theme","meta":{"inline_featured_image":false,"footnotes":""},"class_list":["post-472","page","type-page","status-publish","hentry"],"_links":{"self":[{"href":"https:\/\/arastakonakotel.com\/en\/wp-json\/wp\/v2\/pages\/472","targetHints":{"allow":["GET"]}}],"collection":[{"href":"https:\/\/arastakonakotel.com\/en\/wp-json\/wp\/v2\/pages"}],"about":[{"href":"https:\/\/arastakonakotel.com\/en\/wp-json\/wp\/v2\/types\/page"}],"author":[{"embeddable":true,"href":"https:\/\/arastakonakotel.com\/en\/wp-json\/wp\/v2\/users\/2"}],"replies":[{"embeddable":true,"href":"https:\/\/arastakonakotel.com\/en\/wp-json\/wp\/v2\/comments?post=472"}],"version-history":[{"count":7,"href":"https:\/\/arastakonakotel.com\/en\/wp-json\/wp\/v2\/pages\/472\/revisions"}],"predecessor-version":[{"id":531,"href":"https:\/\/arastakonakotel.com\/en\/wp-json\/wp\/v2\/pages\/472\/revisions\/531"}],"up":[{"embeddable":true,"href":"https:\/\/arastakonakotel.com\/en\/wp-json\/wp\/v2\/pages\/436"}],"wp:attachment":[{"href":"https:\/\/arastakonakotel.com\/en\/wp-json\/wp\/v2\/media?parent=472"}],"curies":[{"name":"wp","href":"https:\/\/api.w.org\/{rel}","templated":true}]}}