{"id":532,"date":"2025-11-08T16:12:47","date_gmt":"2025-11-08T16:12:47","guid":{"rendered":"https:\/\/arastakonakotel.com\/?page_id=532"},"modified":"2025-11-08T16:12:49","modified_gmt":"2025-11-08T16:12:49","slug":"3-erisilebilirlik-durumu","status":"publish","type":"page","link":"https:\/\/arastakonakotel.com\/en\/3-erisilebilirlik-durumu\/","title":{"rendered":"3. ER\u0130\u015e\u0130LEB\u0130L\u0130RL\u0130K DURUMU"},"content":{"rendered":"<figure class=\"wp-block-image size-large\"><img fetchpriority=\"high\" decoding=\"async\" width=\"683\" height=\"1024\" src=\"https:\/\/arastakonakotel.com\/wp-content\/uploads\/2025\/11\/WhatsApp-Image-2025-11-08-at-18.28.53-683x1024.jpeg\" alt=\"\" class=\"wp-image-533\" srcset=\"https:\/\/arastakonakotel.com\/wp-content\/uploads\/2025\/11\/WhatsApp-Image-2025-11-08-at-18.28.53-683x1024.jpeg 683w, https:\/\/arastakonakotel.com\/wp-content\/uploads\/2025\/11\/WhatsApp-Image-2025-11-08-at-18.28.53-200x300.jpeg 200w, https:\/\/arastakonakotel.com\/wp-content\/uploads\/2025\/11\/WhatsApp-Image-2025-11-08-at-18.28.53-768x1152.jpeg 768w, https:\/\/arastakonakotel.com\/wp-content\/uploads\/2025\/11\/WhatsApp-Image-2025-11-08-at-18.28.53-8x12.jpeg 8w, https:\/\/arastakonakotel.com\/wp-content\/uploads\/2025\/11\/WhatsApp-Image-2025-11-08-at-18.28.53.jpeg 1024w\" sizes=\"(max-width: 683px) 100vw, 683px\" \/><\/figure>","protected":false},"excerpt":{"rendered":"","protected":false},"author":2,"featured_media":0,"parent":0,"menu_order":0,"comment_status":"closed","ping_status":"closed","template":"","meta":{"inline_featured_image":false,"footnotes":""},"class_list":["post-532","page","type-page","status-publish","hentry"],"_links":{"self":[{"href":"https:\/\/arastakonakotel.com\/en\/wp-json\/wp\/v2\/pages\/532","targetHints":{"allow":["GET"]}}],"collection":[{"href":"https:\/\/arastakonakotel.com\/en\/wp-json\/wp\/v2\/pages"}],"about":[{"href":"https:\/\/arastakonakotel.com\/en\/wp-json\/wp\/v2\/types\/page"}],"author":[{"embeddable":true,"href":"https:\/\/arastakonakotel.com\/en\/wp-json\/wp\/v2\/users\/2"}],"replies":[{"embeddable":true,"href":"https:\/\/arastakonakotel.com\/en\/wp-json\/wp\/v2\/comments?post=532"}],"version-history":[{"count":1,"href":"https:\/\/arastakonakotel.com\/en\/wp-json\/wp\/v2\/pages\/532\/revisions"}],"predecessor-version":[{"id":534,"href":"https:\/\/arastakonakotel.com\/en\/wp-json\/wp\/v2\/pages\/532\/revisions\/534"}],"wp:attachment":[{"href":"https:\/\/arastakonakotel.com\/en\/wp-json\/wp\/v2\/media?parent=532"}],"curies":[{"name":"wp","href":"https:\/\/api.w.org\/{rel}","templated":true}]}}